{"id":108,"date":"2023-02-13T13:54:03","date_gmt":"2023-02-13T12:54:03","guid":{"rendered":"https:\/\/neu.etania.ch\/?page_id=108"},"modified":"2023-02-28T15:20:33","modified_gmt":"2023-02-28T14:20:33","slug":"100-jahre-etania","status":"publish","type":"page","link":"https:\/\/etania.ch\/en\/100-jahre-etania\/","title":{"rendered":"100 Years Etania"},"content":{"rendered":"<div data-elementor-type=\"wp-page\" data-elementor-id=\"108\" class=\"elementor elementor-108\">\n\t\t\t\t\t\t<section class=\"elementor-section elementor-top-section elementor-element elementor-element-3db4c537 elementor-section-height-min-height elementor-section-content-middle elementor-section-stretched elementor-section-boxed elementor-section-height-default elementor-section-items-middle\" data-id=\"3db4c537\" data-element_type=\"section\" data-settings=\"{&quot;background_background&quot;:&quot;classic&quot;,&quot;stretch_section&quot;:&quot;section-stretched&quot;}\">\n\t\t\t\t\t\t\t<div class=\"elementor-background-overlay\"><\/div>\n\t\t\t\t\t\t\t<div class=\"elementor-container elementor-column-gap-no\">\n\t\t\t\t\t<div class=\"elementor-column elementor-col-100 elementor-top-column elementor-element elementor-element-7d6139bb\" data-id=\"7d6139bb\" data-element_type=\"column\">\n\t\t\t<div class=\"elementor-widget-wrap elementor-element-populated\">\n\t\t\t\t\t\t<div class=\"elementor-element elementor-element-7e89a08 elementor-widget elementor-widget-heading\" data-id=\"7e89a08\" data-element_type=\"widget\" data-widget_type=\"heading.default\">\n\t\t\t\t<div class=\"elementor-widget-container\">\n\t\t\t<h2 class=\"elementor-heading-title elementor-size-default\">100 Years Etania<\/h2>\t\t<\/div>\n\t\t\t\t<\/div>\n\t\t\t\t\t<\/div>\n\t\t<\/div>\n\t\t\t\t\t<\/div>\n\t\t<\/section>\n\t\t\t\t<section class=\"elementor-section elementor-top-section elementor-element elementor-element-f803556 elementor-section-boxed elementor-section-height-default elementor-section-height-default\" data-id=\"f803556\" data-element_type=\"section\">\n\t\t\t\t\t\t<div class=\"elementor-container elementor-column-gap-default\">\n\t\t\t\t\t<div class=\"elementor-column elementor-col-100 elementor-top-column elementor-element elementor-element-b57f7fb\" data-id=\"b57f7fb\" data-element_type=\"column\">\n\t\t\t<div class=\"elementor-widget-wrap elementor-element-populated\">\n\t\t\t\t\t\t<div class=\"elementor-element elementor-element-e31749b elementor-widget elementor-widget-spacer\" data-id=\"e31749b\" data-element_type=\"widget\" data-widget_type=\"spacer.default\">\n\t\t\t\t<div class=\"elementor-widget-container\">\n\t\t\t\t\t<div class=\"elementor-spacer\">\n\t\t\t<div class=\"elementor-spacer-inner\"><\/div>\n\t\t<\/div>\n\t\t\t\t<\/div>\n\t\t\t\t<\/div>\n\t\t\t\t<div class=\"elementor-element elementor-element-90d2bd4 elementor-widget elementor-widget-heading\" data-id=\"90d2bd4\" data-element_type=\"widget\" data-widget_type=\"heading.default\">\n\t\t\t\t<div class=\"elementor-widget-container\">\n\t\t\t<h1 class=\"elementor-heading-title elementor-size-default\">100 Years Etania<\/h1>\t\t<\/div>\n\t\t\t\t<\/div>\n\t\t\t\t<div class=\"elementor-element elementor-element-ea10ae6 elementor-widget elementor-widget-text-editor\" data-id=\"ea10ae6\" data-element_type=\"widget\" data-widget_type=\"text-editor.default\">\n\t\t\t\t<div class=\"elementor-widget-container\">\n\t\t\t\t\t\t\t<p>To celebrate its 100th anniversary, the Etania Charitable Organisation documented its eventful history in a beautifully illustrated commemorative book. Shortly after its foundation in 1917, the organisation bought Etania Haus which became a sanitorium for Jewish patients with pulmonary diseases. After the Second world War, Etania Haus also welcomed survivors of the Holocaust.\n\nThe sanitorium was run successfully and with high rates of recovery among its patients until the 1960s when the steady success of drug-based therapy for pulmonary tuberculosis led to a decline in visiting patients and finally resulted in the temporary closure of the Etania Haus in the year 2000.\nThe Etania Haus was, however, reopened in 2014 under a new name; Zentrum Haus and since then has been operated by the Verein f\u00fcr Kranke und Erholungsbed\u00fcrftige (www.chaimvshalvah.org), which remains faithful to the original purpose of the Etania Charitable Organisation.<\/p><p><a href=\"https:\/\/etania.ch\/wp-content\/uploads\/2023\/02\/ETANIA_Jubilaeumsbroschuere-2017.pdf\" target=\"_blank\" rel=\"noopener\" data-wplink-url-error=\"true\">PDF Brochure<\/a><\/p><p>Order a copy of the commemorative book using the <a href=\"https:\/\/etania.ch\/en\/kontakt\/\" data-wplink-url-error=\"true\">Contact form<\/a><\/p><div class=\"notranslate\" style=\"all: initial;\">\u00a0<\/div>\t\t\t\t\t\t<\/div>\n\t\t\t\t<\/div>\n\t\t\t\t\t<\/div>\n\t\t<\/div>\n\t\t\t\t\t<\/div>\n\t\t<\/section>\n\t\t\t\t<section class=\"elementor-section elementor-top-section elementor-element elementor-element-9b43588 elementor-section-boxed elementor-section-height-default elementor-section-height-default\" data-id=\"9b43588\" data-element_type=\"section\">\n\t\t\t\t\t\t<div class=\"elementor-container elementor-column-gap-default\">\n\t\t\t\t\t<div class=\"elementor-column elementor-col-50 elementor-top-column elementor-element elementor-element-1ad654c\" data-id=\"1ad654c\" data-element_type=\"column\">\n\t\t\t<div class=\"elementor-widget-wrap elementor-element-populated\">\n\t\t\t\t\t\t<div class=\"elementor-element elementor-element-5970648 elementor-widget elementor-widget-image\" data-id=\"5970648\" data-element_type=\"widget\" data-widget_type=\"image.default\">\n\t\t\t\t<div class=\"elementor-widget-container\">\n\t\t\t\t\t\t\t\t\t\t\t\t\t\t<a href=\"https:\/\/etania.ch\/wp-content\/uploads\/2023\/02\/ETANIA_Jubilaeumsbroschuere-2017.pdf\" target=\"_blank\">\n\t\t\t\t\t\t\t<img decoding=\"async\" src=\"https:\/\/etania.ch\/wp-content\/uploads\/elementor\/thumbs\/brosch_etania-qra4xptkcg4bavshww9a7oe2di8olrv6d9cedst74k.jpg\" title=\"brosch_etania\" alt=\"brosch_etania\" loading=\"lazy\" \/>\t\t\t\t\t\t\t\t<\/a>\n\t\t\t\t\t\t\t\t\t\t\t\t\t<\/div>\n\t\t\t\t<\/div>\n\t\t\t\t\t<\/div>\n\t\t<\/div>\n\t\t\t\t<div class=\"elementor-column elementor-col-50 elementor-top-column elementor-element elementor-element-dbca8ee\" data-id=\"dbca8ee\" data-element_type=\"column\">\n\t\t\t<div class=\"elementor-widget-wrap\">\n\t\t\t\t\t\t\t<\/div>\n\t\t<\/div>\n\t\t\t\t\t<\/div>\n\t\t<\/section>\n\t\t\t\t<\/div>","protected":false},"excerpt":{"rendered":"<p>100 Jahre Etania 100 Jahre Etania Die Geschichte des Etania-Hilfsvereins wurde 2017 in einer reich illustrierten Festschrift beschrieben. Anf\u00e4nglich wurde die Heilst\u00e4tte f\u00fcr j\u00fcdische Lungenkranke mit guten Heilungserfolgen betrieben. Nach dem zweiten Weltkrieg wurden auch \u00dcberlebende des Holocaust aufgenommen. Die Erfolge der medikament\u00f6sen Therapie f\u00fchrten ab 1960 zu einem R\u00fcckgang der Patientenzahlen. Heute wird die [&hellip;]<\/p>","protected":false},"author":1,"featured_media":0,"parent":0,"menu_order":0,"comment_status":"closed","ping_status":"closed","template":"","meta":{"site-sidebar-layout":"no-sidebar","site-content-layout":"page-builder","ast-site-content-layout":"","site-content-style":"default","site-sidebar-style":"default","ast-global-header-display":"","ast-banner-title-visibility":"","ast-main-header-display":"","ast-hfb-above-header-display":"","ast-hfb-below-header-display":"","ast-hfb-mobile-header-display":"","site-post-title":"disabled","ast-breadcrumbs-content":"","ast-featured-img":"disabled","footer-sml-layout":"","theme-transparent-header-meta":"","adv-header-id-meta":"","stick-header-meta":"","header-above-stick-meta":"","header-main-stick-meta":"","header-below-stick-meta":"","astra-migrate-meta-layouts":"default","ast-page-background-enabled":"default","ast-page-background-meta":{"desktop":{"background-color":"var(--ast-global-color-4)","background-image":"","background-repeat":"repeat","background-position":"center center","background-size":"auto","background-attachment":"scroll","background-type":"","background-media":"","overlay-type":"","overlay-color":"","overlay-gradient":""},"tablet":{"background-color":"","background-image":"","background-repeat":"repeat","background-position":"center center","background-size":"auto","background-attachment":"scroll","background-type":"","background-media":"","overlay-type":"","overlay-color":"","overlay-gradient":""},"mobile":{"background-color":"","background-image":"","background-repeat":"repeat","background-position":"center center","background-size":"auto","background-attachment":"scroll","background-type":"","background-media":"","overlay-type":"","overlay-color":"","overlay-gradient":""}},"ast-content-background-meta":{"desktop":{"background-color":"var(--ast-global-color-5)","background-image":"","background-repeat":"repeat","background-position":"center center","background-size":"auto","background-attachment":"scroll","background-type":"","background-media":"","overlay-type":"","overlay-color":"","overlay-gradient":""},"tablet":{"background-color":"var(--ast-global-color-5)","background-image":"","background-repeat":"repeat","background-position":"center center","background-size":"auto","background-attachment":"scroll","background-type":"","background-media":"","overlay-type":"","overlay-color":"","overlay-gradient":""},"mobile":{"background-color":"var(--ast-global-color-5)","background-image":"","background-repeat":"repeat","background-position":"center center","background-size":"auto","background-attachment":"scroll","background-type":"","background-media":"","overlay-type":"","overlay-color":"","overlay-gradient":""}},"footnotes":""},"class_list":["post-108","page","type-page","status-publish","hentry"],"_links":{"self":[{"href":"https:\/\/etania.ch\/en\/wp-json\/wp\/v2\/pages\/108","targetHints":{"allow":["GET"]}}],"collection":[{"href":"https:\/\/etania.ch\/en\/wp-json\/wp\/v2\/pages"}],"about":[{"href":"https:\/\/etania.ch\/en\/wp-json\/wp\/v2\/types\/page"}],"author":[{"embeddable":true,"href":"https:\/\/etania.ch\/en\/wp-json\/wp\/v2\/users\/1"}],"replies":[{"embeddable":true,"href":"https:\/\/etania.ch\/en\/wp-json\/wp\/v2\/comments?post=108"}],"version-history":[{"count":73,"href":"https:\/\/etania.ch\/en\/wp-json\/wp\/v2\/pages\/108\/revisions"}],"predecessor-version":[{"id":560,"href":"https:\/\/etania.ch\/en\/wp-json\/wp\/v2\/pages\/108\/revisions\/560"}],"wp:attachment":[{"href":"https:\/\/etania.ch\/en\/wp-json\/wp\/v2\/media?parent=108"}],"curies":[{"name":"wp","href":"https:\/\/api.w.org\/{rel}","templated":true}]}}