{"id":96,"date":"2023-02-13T13:47:07","date_gmt":"2023-02-13T12:47:07","guid":{"rendered":"https:\/\/neu.etania.ch\/?page_id=96"},"modified":"2024-07-18T09:07:23","modified_gmt":"2024-07-18T07:07:23","slug":"vorstand","status":"publish","type":"page","link":"https:\/\/etania.ch\/en\/vorstand\/","title":{"rendered":"Board"},"content":{"rendered":"<div data-elementor-type=\"wp-page\" data-elementor-id=\"96\" class=\"elementor elementor-96\">\n\t\t\t\t\t\t<section class=\"elementor-section elementor-top-section elementor-element elementor-element-3db4c537 elementor-section-height-min-height elementor-section-content-middle elementor-section-boxed elementor-section-height-default elementor-section-items-middle\" data-id=\"3db4c537\" data-element_type=\"section\" data-settings=\"{&quot;background_background&quot;:&quot;classic&quot;}\">\n\t\t\t\t\t\t\t<div class=\"elementor-background-overlay\"><\/div>\n\t\t\t\t\t\t\t<div class=\"elementor-container elementor-column-gap-no\">\n\t\t\t\t\t<div class=\"elementor-column elementor-col-100 elementor-top-column elementor-element elementor-element-7d6139bb\" data-id=\"7d6139bb\" data-element_type=\"column\">\n\t\t\t<div class=\"elementor-widget-wrap elementor-element-populated\">\n\t\t\t\t\t\t<div class=\"elementor-element elementor-element-223cde2 elementor-widget elementor-widget-heading\" data-id=\"223cde2\" data-element_type=\"widget\" data-widget_type=\"heading.default\">\n\t\t\t\t<div class=\"elementor-widget-container\">\n\t\t\t<h2 class=\"elementor-heading-title elementor-size-default\">Board<\/h2>\t\t<\/div>\n\t\t\t\t<\/div>\n\t\t\t\t\t<\/div>\n\t\t<\/div>\n\t\t\t\t\t<\/div>\n\t\t<\/section>\n\t\t\t\t<section class=\"elementor-section elementor-top-section elementor-element elementor-element-f803556 elementor-section-boxed elementor-section-height-default elementor-section-height-default\" data-id=\"f803556\" data-element_type=\"section\">\n\t\t\t\t\t\t<div class=\"elementor-container elementor-column-gap-default\">\n\t\t\t\t\t<div class=\"elementor-column elementor-col-100 elementor-top-column elementor-element elementor-element-b57f7fb\" data-id=\"b57f7fb\" data-element_type=\"column\">\n\t\t\t<div class=\"elementor-widget-wrap elementor-element-populated\">\n\t\t\t\t\t\t<div class=\"elementor-element elementor-element-e31749b elementor-widget elementor-widget-spacer\" data-id=\"e31749b\" data-element_type=\"widget\" data-widget_type=\"spacer.default\">\n\t\t\t\t<div class=\"elementor-widget-container\">\n\t\t\t\t\t<div class=\"elementor-spacer\">\n\t\t\t<div class=\"elementor-spacer-inner\"><\/div>\n\t\t<\/div>\n\t\t\t\t<\/div>\n\t\t\t\t<\/div>\n\t\t\t\t<div class=\"elementor-element elementor-element-90d2bd4 elementor-widget elementor-widget-heading\" data-id=\"90d2bd4\" data-element_type=\"widget\" data-widget_type=\"heading.default\">\n\t\t\t\t<div class=\"elementor-widget-container\">\n\t\t\t<h1 class=\"elementor-heading-title elementor-size-default\">Board<\/h1>\t\t<\/div>\n\t\t\t\t<\/div>\n\t\t\t\t<div class=\"elementor-element elementor-element-ea10ae6 elementor-widget elementor-widget-text-editor\" data-id=\"ea10ae6\" data-element_type=\"widget\" data-widget_type=\"text-editor.default\">\n\t\t\t\t<div class=\"elementor-widget-container\">\n\t\t\t\t\t\t\t<div id=\"stacks_out_236\" class=\"stacks_out\"><div id=\"stacks_in_236\" class=\"stacks_in com_elixir_stacks_foundryParagraph_stack\"><p class=\"theme_style  theme_style  text-xs-left\"><strong>Robert Rosenblatt<\/strong><br \/>President<br \/><br \/><strong>Dr. Rolf Halonbrenner<\/strong><br \/>Vice-President<br \/><br \/><strong>Claudia Bollag<\/strong><br \/>Social<br \/><br \/><strong>Roger Bollag<\/strong><br \/>Quaestor<br \/><br \/><strong>Raphael W. Gerstel<\/strong><br \/>Real estate<br \/><br \/><strong>Dr. Francis Levy<\/strong><br \/>Medical consultation<br \/><br \/><strong>Dr. Francis Nordmann<\/strong><br \/>Legal consultation<br \/><br \/>Miriam Moschytz Ledgley<br \/>Public Relations<br \/><br \/>Dr. Jonathan Kreutner<br \/>Public Relations<\/p><\/div><\/div><div id=\"stacks_out_316\" class=\"stacks_out\"><div id=\"stacks_in_316\" class=\"stacks_in com_elixir_stacks_foundryHeader_stack\"><div class=\"text-xs-left\">\u00a0<\/div><\/div><\/div>\t\t\t\t\t\t<\/div>\n\t\t\t\t<\/div>\n\t\t\t\t<div class=\"elementor-element elementor-element-8f93dd2 elementor-widget elementor-widget-heading\" data-id=\"8f93dd2\" data-element_type=\"widget\" data-widget_type=\"heading.default\">\n\t\t\t\t<div class=\"elementor-widget-container\">\n\t\t\t<h1 class=\"elementor-heading-title elementor-size-default\">Administration<\/h1>\t\t<\/div>\n\t\t\t\t<\/div>\n\t\t\t\t<div class=\"elementor-element elementor-element-92871e4 elementor-widget elementor-widget-text-editor\" data-id=\"92871e4\" data-element_type=\"widget\" data-widget_type=\"text-editor.default\">\n\t\t\t\t<div class=\"elementor-widget-container\">\n\t\t\t\t\t\t\t<p><strong>Olga Volnyanska<br \/><a href=\"mailto:olga.volnyanska@etania.ch\">olga.volnyanska@etania.ch<\/a><br \/><br \/><\/strong><\/p><p>\u00a0<\/p>\t\t\t\t\t\t<\/div>\n\t\t\t\t<\/div>\n\t\t\t\t\t<\/div>\n\t\t<\/div>\n\t\t\t\t\t<\/div>\n\t\t<\/section>\n\t\t\t\t<\/div>","protected":false},"excerpt":{"rendered":"<p>Vorstand Vorstand Robert RosenblattPr\u00e4sident Dr. Rolf HalonbrennerVizepr\u00e4sident Claudia BollagSoziales Roger BollagQu\u00e4stor Raphael W. GerstelLiegenschaften Dr. Francis LevyMedizinische Beratung Dr. Francis NordmannJuristische Beratung Miriam Moschytz LedgleyPublic Relations Dr. Jonathan KreutnerOeffentlichkeitsarbeit \u00a0 Sekretariat Olga Volnyanskaolga.volnyanska@etania.ch \u00a0<\/p>","protected":false},"author":1,"featured_media":0,"parent":0,"menu_order":0,"comment_status":"closed","ping_status":"closed","template":"","meta":{"site-sidebar-layout":"no-sidebar","site-content-layout":"page-builder","ast-site-content-layout":"full-width-container","site-content-style":"unboxed","site-sidebar-style":"unboxed","ast-global-header-display":"","ast-banner-title-visibility":"","ast-main-header-display":"","ast-hfb-above-header-display":"","ast-hfb-below-header-display":"","ast-hfb-mobile-header-display":"","site-post-title":"disabled","ast-breadcrumbs-content":"","ast-featured-img":"disabled","footer-sml-layout":"","theme-transparent-header-meta":"","adv-header-id-meta":"","stick-header-meta":"","header-above-stick-meta":"","header-main-stick-meta":"","header-below-stick-meta":"","astra-migrate-meta-layouts":"set","ast-page-background-enabled":"default","ast-page-background-meta":{"desktop":{"background-color":"var(--ast-global-color-4)","background-image":"","background-repeat":"repeat","background-position":"center center","background-size":"auto","background-attachment":"scroll","background-type":"","background-media":"","overlay-type":"","overlay-color":"","overlay-gradient":""},"tablet":{"background-color":"","background-image":"","background-repeat":"repeat","background-position":"center center","background-size":"auto","background-attachment":"scroll","background-type":"","background-media":"","overlay-type":"","overlay-color":"","overlay-gradient":""},"mobile":{"background-color":"","background-image":"","background-repeat":"repeat","background-position":"center center","background-size":"auto","background-attachment":"scroll","background-type":"","background-media":"","overlay-type":"","overlay-color":"","overlay-gradient":""}},"ast-content-background-meta":{"desktop":{"background-color":"var(--ast-global-color-5)","background-image":"","background-repeat":"repeat","background-position":"center center","background-size":"auto","background-attachment":"scroll","background-type":"","background-media":"","overlay-type":"","overlay-color":"","overlay-gradient":""},"tablet":{"background-color":"var(--ast-global-color-5)","background-image":"","background-repeat":"repeat","background-position":"center center","background-size":"auto","background-attachment":"scroll","background-type":"","background-media":"","overlay-type":"","overlay-color":"","overlay-gradient":""},"mobile":{"background-color":"var(--ast-global-color-5)","background-image":"","background-repeat":"repeat","background-position":"center center","background-size":"auto","background-attachment":"scroll","background-type":"","background-media":"","overlay-type":"","overlay-color":"","overlay-gradient":""}},"footnotes":""},"class_list":["post-96","page","type-page","status-publish","hentry"],"_links":{"self":[{"href":"https:\/\/etania.ch\/en\/wp-json\/wp\/v2\/pages\/96","targetHints":{"allow":["GET"]}}],"collection":[{"href":"https:\/\/etania.ch\/en\/wp-json\/wp\/v2\/pages"}],"about":[{"href":"https:\/\/etania.ch\/en\/wp-json\/wp\/v2\/types\/page"}],"author":[{"embeddable":true,"href":"https:\/\/etania.ch\/en\/wp-json\/wp\/v2\/users\/1"}],"replies":[{"embeddable":true,"href":"https:\/\/etania.ch\/en\/wp-json\/wp\/v2\/comments?post=96"}],"version-history":[{"count":68,"href":"https:\/\/etania.ch\/en\/wp-json\/wp\/v2\/pages\/96\/revisions"}],"predecessor-version":[{"id":676,"href":"https:\/\/etania.ch\/en\/wp-json\/wp\/v2\/pages\/96\/revisions\/676"}],"wp:attachment":[{"href":"https:\/\/etania.ch\/en\/wp-json\/wp\/v2\/media?parent=96"}],"curies":[{"name":"wp","href":"https:\/\/api.w.org\/{rel}","templated":true}]}}